{"id":8,"date":"2008-03-09T15:31:33","date_gmt":"2008-03-09T13:31:33","guid":{"rendered":"\/en\/?page_id=8"},"modified":"2026-03-04T22:00:02","modified_gmt":"2026-03-04T20:00:02","slug":"milobog-yv","status":"publish","type":"page","link":"https:\/\/raptors.org.ua\/en\/establishers\/milobog-yv","title":{"rendered":"Dr. Yurij Milobog"},"content":{"rendered":"<p><a title=\"Establishers\" href=\"\/en\/?page_id=4#Milobog\">Background<\/a> \/ <a href=\"mailto:ym@raptors.org.ua\">Contact (ym@raptors.org.ua)<\/a><\/p>\n<p><strong>Main scientific publications<\/strong><\/p>\n<p>1.    Milobog Yu.V., Vetrov V.V. &amp; Strigunov V.I. 2002. Present state of birds of prey in the Ingulets river basin. Branta 5:14-24 [in Russian]<\/p>\n<p>2. Milobog Yu.V., Vetrov V.V. &amp; Strigunov V.I. 2006. Present state of numbers of the Saker in Moldova. In: Theses of 12th Annual International Ornithological Conference of Northern Eurasia. 31 January-5 February 2006, Stavropol, pp.358-359. [in Russian]<\/p>\n<p>3.    Milobog Yu.V. &amp; Vetrov V.V. 2007. New data about breeding of the White-tailed Eagle (Haliaetus albicilla) in Dniepropetrovsk and Lugansk regions. In: Birds of the Seversky Donets river Basin. No 10.  Proceedings from 13-14th workshops \u201cResearch and conservation of birds of prey of the Seversky Donets river basin,  Kharkov, pp. 107-108. [in Russian]<\/p>\n<p>4.    Milobog Yu.V., Vetrov V.V. &amp; Strigunov V.I. 2008. Towards distribution and numbers of the Lesser Spotted Eagle in the steppe zone of Ukraine. In: Study and conservation of the Greater Spotted Eagle and Lesser Spotted Eagle in North Eurasia. Proceedings from 5th International conference on birds of prey of North Eurasia. Ivanovo: Ivan.State Univers., pp.215-217. [in Russian]<\/p>\n<p>5.  Strigunov V.I., Milobog Yu.V. &amp; Kotsyuruba V.V. 1999. Birds of prey of Gurovskoye Forestry. In: Fauna, ecology and conservation of birds in the Azov-Black Sea region. Simferopol: Sonat, pp. 36-37. [in Russian]<\/p>\n<p>6. Strigunov V.I.&amp; Milobog Yu.V. 1999. Wintering census of birds of prey in the right-bank     steppes of Ukraine. In: Wintering census of birds at the Azov-Black Sea coast of Ukraine. In: Proceedings from 19th workshop of the Azov-Black Sea Ornithological Working Group. 18-21 February 1999, Melitopol-Odessa-Kiev, pp.66-67. [in Russian]<\/p>\n<p>7. Strigunov V.I. &amp; Milobog Yu.V. 2001. State of fauna of birds of prey in the interfluve of the Dnieper and Yuzhny Bug. In: Actual problems of study and conservation of birds of Eastern Europe and North Asia. Proceedings from the international conference (9th ornithological conference). Kazan, pp. 575-576. [in Russian]<\/p>\n<p>8. Strigunov V.I., Milobog Yu.V. &amp; Vetrov V.V. 2003. Towards distribution and numbers of the Long-legged Buzzard (Buteo rufinus) in Ukraine. Branta 6: 59-66. [in Russian]<\/p>\n<p>9. Vetrov V.V., Milobog Yu.V. &amp; Strigunov V.I. 2003. Marsh Harrier in the Ingulets river basin. In: Proceedings from 4th International conference on birds of prey of North Eurasia. Penza, pp.162-164. [in Russian]<\/p>\n<p>10. Vetrov V.V., Milobog Yu.V. &amp; Strigunov V.I. 2001. Census of birds of prey in the north of the right-bank steppes in Ukraine. In: Zoological studies in Ukraine at the border of millennium. Theses of the Ukrainian zoological conference. Kryvyi Rih, pp.113-114. [in Ukrainian]<\/p>\n<p>11. Vetrov V.V., Milobog Yu.V. &amp; Strigunov V.I. 2002. Distribution and numbers of Marsh Harrier in the Ingul river basin. Branta 5: 112-113. [in Russian]<\/p>\n<p>12. Vetrov V.V., Strigunov V.I. &amp; Milobog Yu.V. 2007. Present status of the Hobby Falcon in the Crimea. In: Biology of 20th century: theory, practice, teaching. Theses of the International conference, 1-4 April, Cherkasy-Kaniv, pp. 259-261. [in Russian]<\/p>\n<p>13. Vetrov V.V., Milobog Yu.V. &amp; Strigunov V.I. 2003. Towards breeding of the Long-legged Buzzard in the south of Odessa region. Berkut 12 (1-2): 159-160. [in Russian]<\/p>\n<p>14. Vetrov V.V., Milobog Yu.V. &amp; Strigunov V.I. 2006. Towards present state of the Lesser Cestrel in Ukraine. In: Ornithological studies in North Eurasia. Stavropol: SGU Publ. House, pp.111-112. [in Russian]<\/p>\n<p>15. Vetrov V.V. &amp; Milobog Yu.V. 2007. Towards wintering of the White-tailed Eagle (Haliaetus albicilla) in the Seversky Donets river basin. In: Birds of the Seversky Donets river basin. Proceedings from 13th-14th workshops \u201cStudy and conservation of birds of prey of the Seversky Donets river basin\u201d. 10:104-107. [in Russian]<\/p>\n<p>16. Vetrov V.V. &amp; Milobog Yu.V. 2007. New data about distribution of the Long-legged Buzzard (Buteo rufinus) in the east of Ukraine. In: Birds of the Seversky Donets river basin. Proceedings from 13th-14th workshops \u201cStudy and conservation of birds of prey of the Seversky Donets river basin\u201d. 10:109-110. [in Russian]<\/p>\n<p>17. Vetrov V.V. &amp; Milobog Yu.V. 2003. Updating the present status of Long-Legged Buzzards Buteo rufinus in Ukraine. In: 6th World conference on birds of prey and owls, p. 37. [in English]<\/p>\n<p>18. Domashevsky S.V., Vetrov V.V., Milobog Yu.V., Gavrilyuk M.N. Observation of Lesser Spotted Eagle, Aquila pomarina C.L. Brehm, in Carpathians in 2005 year. \u2013 Finding of animals of Red Book of Ukraine. \u2013 Kiev. \u2013 2008. \u2013 P. 84-85.<\/p>\n<p>19. Milobog Yu.V., Prokopenko S.P., Vetrov V.V. Distribution of Peregrine, Falco Peregrinus Tunst., in Ukraine. \u2013 Finding of animals of Red Book of Ukraine. \u2013 Kiev. \u2013 2008. \u2013 P. 2008-211.<\/p>\n<p>20. Strigunov V.I., Vetrov V.V., Milobog Yu.V. Distribution of Lesser Spotted Eagle, Aquila pomarina C.L. Brehm, on the south of Ukraine. \u2013 Finding of animals of Red Book of Ukraine. \u2013 Kiev. \u2013 2008. \u2013 P. 365-366.<\/p>\n<p>21. Strigunov V.I., Vetrov V.V., Milobog Yu.V. Distribution of Long-legged Buzzard, Buteo rufinus (Cretzschm.), in Ukraine. \u2013 Finding of animals of Red Book of Ukraine. \u2013 Kiev. \u2013 2008. \u2013 P. 367-372.<\/p>\n<p>22. Belik, V. P., Vetrov, V. V., Milobog, Yu. V., Malovichko, L. V.  2008. Breeding of the Imperial Eagle (Aquila heliaca Sav.) in steppe Stavropolje. In: Latest studies on Birds of Prey and Owls. Proceedings of the 3d International Scientific Conference \u201cBirds of Prey of Ukraine\u201d, Kryvyi Rih, 24-25 October 2008. (eds. M.N.Gavrilyuk, G.V. Fesenko). \u2013 Kryvyi Rih, pp. 25-27. [in Russian]<\/p>\n<p>23. Belik, V. P., Milobog, Yu. V., Vetrov, V. V, Gugueva, E. V. 2008. Materials for assessing numbers of the Lesser Spotted Eagle (Aquila pomarina C.L. Brehm) in Krasnodar Territory and Adygei. In: Latest studies on Birds of Prey and Owls. Proceedings of the 3d International Scientific Conference \u201cBirds of Prey of Ukraine\u201d, Kryvyi Rih, 24-25 October 2008. (eds. M.N.Gavrilyuk, G.V. Fesenko). \u2013 Kryvyi Rih, pp. 28-32. [in Russian]<\/p>\n<p>24. Vetrov, V. V., Milobog, Yu. V. 2008. Distribution of the Imperial Eagle (Aquila heliaca Sav.) in steppe Ukraine. In: Latest studies on Birds of Prey and Owls. Proceedings of the 3d International Scientific Conference \u201cBirds of Prey of Ukraine\u201d, Kryvyi Rih, 24-25 October 2008. (eds. M.N.Gavrilyuk, G.V. Fesenko). \u2013 Kryvyi Rih, pp. 51-54. [in Russian]<\/p>\n<p>25. Milobog, Yu. V., Vetrov, V. V. 2008. Present status of the Pallid Harrier (Circus macrourus (Gm.) in Ukraine. In: Latest studies on Birds of Prey and Owls. Proceedings of the 3d International Scientific Conference \u201cBirds of Prey of Ukraine\u201d, Kryvyi Rih, 24-25 October 2008. (eds. M.N.Gavrilyuk, G.V. Fesenko). \u2013 Kryvyi Rih, pp. 255-259. [in Russian]<\/p>\n<p>26. Prommer M., Bagyura J., Chavko J., \u0160korp\u00edkov\u00e1 V., Milobog Y., Zink R., Kmetova-Biro E., Ajder V., Gavrilyuk M., Nagy A., Hegyeli Zs., Klisurov I., Pu\u017eovi\u0107 S., F\u00e2nt\u00e2n\u0103 C., Veres-Sz\u00e1szka J. &#038; I. Karyakin. Beyond borders: A decade of change in Europe\u2019s Saker Falcon (<em>Falco cherrug<\/em> Gray, 1834) population (2012\u20132022).  &#8211; Ornis Hungarica.  &#8211; 2025. &#8211; Vol. 33 (1). &#8211; P. 26-48.<\/p>\n","protected":false},"excerpt":{"rendered":"<p>Background \/ Contact (ym@raptors.org.ua) Main scientific publications 1. Milobog Yu.V., Vetrov V.V. &amp; Strigunov V.I. 2002. Present state of birds of prey in the Ingulets river basin. Branta 5:14-24 [in Russian] 2. Milobog Yu.V., Vetrov V.V. &amp; Strigunov V.I. 2006. Present state of numbers of the Saker in Moldova. In: Theses of 12th Annual International [&hellip;]<\/p>\n","protected":false},"author":1,"featured_media":0,"parent":4,"menu_order":4,"comment_status":"closed","ping_status":"closed","template":"","meta":{"ngg_post_thumbnail":0,"footnotes":""},"class_list":["post-8","page","type-page","status-publish","hentry"],"_links":{"self":[{"href":"https:\/\/raptors.org.ua\/en\/wp-json\/wp\/v2\/pages\/8","targetHints":{"allow":["GET"]}}],"collection":[{"href":"https:\/\/raptors.org.ua\/en\/wp-json\/wp\/v2\/pages"}],"about":[{"href":"https:\/\/raptors.org.ua\/en\/wp-json\/wp\/v2\/types\/page"}],"author":[{"embeddable":true,"href":"https:\/\/raptors.org.ua\/en\/wp-json\/wp\/v2\/users\/1"}],"replies":[{"embeddable":true,"href":"https:\/\/raptors.org.ua\/en\/wp-json\/wp\/v2\/comments?post=8"}],"version-history":[{"count":0,"href":"https:\/\/raptors.org.ua\/en\/wp-json\/wp\/v2\/pages\/8\/revisions"}],"up":[{"embeddable":true,"href":"https:\/\/raptors.org.ua\/en\/wp-json\/wp\/v2\/pages\/4"}],"wp:attachment":[{"href":"https:\/\/raptors.org.ua\/en\/wp-json\/wp\/v2\/media?parent=8"}],"curies":[{"name":"wp","href":"https:\/\/api.w.org\/{rel}","templated":true}]}}